{"id":15,"date":"2014-04-29T22:01:52","date_gmt":"2014-04-29T20:01:52","guid":{"rendered":"http:\/\/gruenfutter-jena.de\/?page_id=15"},"modified":"2024-01-20T22:46:34","modified_gmt":"2024-01-20T20:46:34","slug":"impressumkontakt","status":"publish","type":"page","link":"https:\/\/gruenfutter-jena.de\/?page_id=15","title":{"rendered":"Impressum, Datenschutz"},"content":{"rendered":"<p>Wer mehr \u00fcber die GR\u00dcNFUTTER Erzeuger-Verbraucher-Gemeinschaft wissen m\u00f6chte, oder vielleicht sogar Mitglied werden m\u00f6chte, kann eine E-Mail an gruenfutter[at]posteo.de schicken oder zu den <a title=\"Wo, wann und wie gibt es GR\u00dcNFUTTER?\" href=\"http:\/\/gruenfutter-jena.de\/?page_id=13\">\u00d6ffnungszeiten<\/a> vorbeischauen.<\/p>\n<h1>Impressum<\/h1>\n<p>Angaben gem\u00e4\u00df \u00a7 5 TMG<\/p>\n<p>Kontaktdaten:<br \/>\nGr\u00fcnfutter Erzeuger-Verbraucher-Gemeinschaft Jena e. V.<br \/>\nKulturbahnhof<br \/>\nSpitzweidenweg 28<br \/>\n07743 Jena<br \/>\nE-Mail: gruenfutter[at]posteo.de<\/p>\n<p>Vertreten durch den Vorstand:<br \/>\nDavid J\u00f6ckel<br \/>\nElisabeth M\u00fcller<br \/>\nHerbert Gaffga<\/p>\n<p>Registriert unter der Registernummer VR 231055 beim Amtsgericht Jena (Vereinsregister).<\/p>\n<p>Das Impressum gilt f\u00fcr die Domain gruenfutter-jena.de<\/p>\n<p>Technische Umsetzung Webseite:<br \/>\nMarc Hecker (marc-gruenfutter[bei]web.de)<\/p>\n<h1>Datenschutzerkl\u00e4rung<\/h1>\n<p>Die Nutzung unserer Webseite ist f\u00fcr Besucher ohne Angaben personenbezogener Daten m\u00f6glich.<\/p>\n<p>Der Nutzung von im Rahmen der Impressumspflicht ver\u00f6ffentlichten Kontaktdaten durch Dritte zur \u00dcbersendung von nicht ausdr\u00fccklich angeforderter Werbung und Informationsmaterialien wird hiermit ausdr\u00fccklich widersprochen.<\/p>\n<h6>Statistische Auswertungen<\/h6>\n<p>Diese Website benutzt Matomo, eine Open-Source-Software zur statistischen Auswertung der Besucherzugriffe. Wir sammeln dar\u00fcber keine pers\u00f6nliche Daten und es erfolgt kein Tracking \u00fcber Cookies. Die IP-Adresse wird sofort nach der Verarbeitung und vor deren Speicherung anonymisiert.<br \/>\nWir beachten einen mitgesendeten \u201cDo-Not-Track\u201c-Header.<\/p>\n<p><code><p id=\"matomo_opted_out_intro\" style=\"display:none;\">Opt-out complete; your visits to this website will not be recorded by the Web Analytics tool. Note that if you clear your cookies, delete the opt-out cookie, or if you change computers or Web browsers, you will need to perform the opt-out procedure again.<\/p><p id=\"matomo_opted_in_intro\" >You may choose to prevent this website from aggregating and analyzing the actions you take here. Doing so will protect your privacy, but will also prevent the owner from learning from your actions and creating a better experience for you and other users.<\/p><form>\n        <input type=\"checkbox\" id=\"matomo_optout_checkbox\" checked=\"checked\"\/>\n        <label for=\"matomo_optout_checkbox\"><strong>\n        <span id=\"matomo_opted_in_label\" >You are not opted out. Uncheck this box to opt-out.<\/span>\n\t\t<span id=\"matomo_opted_out_label\" style=\"display:none;\">You are currently opted out. Check this box to opt-in.<\/span>\n        <\/strong><\/label><\/form><noscript><p><strong style=\"color: #ff0000;\">This opt out feature requires JavaScript.<\/strong><\/p><\/noscript><p id=\"matomo_outout_err_cookies\" style=\"display: none;\"><strong>The tracking opt-out feature requires cookies to be enabled.<\/strong><\/p><\/code><\/p>\n<p>Quellverweis f\u00fcr Teile der Erkl\u00e4rung: eRecht24 (http:\/\/www.e-recht24.de)<\/p>\n","protected":false},"excerpt":{"rendered":"<p>Wer mehr \u00fcber die GR\u00dcNFUTTER Erzeuger-Verbraucher-Gemeinschaft wissen m\u00f6chte, oder vielleicht sogar Mitglied werden m\u00f6chte, kann eine E-Mail an gruenfutter[at]posteo.de schicken oder zu den \u00d6ffnungszeiten vorbeischauen. Impressum Angaben gem\u00e4\u00df \u00a7 5 TMG Kontaktdaten: Gr\u00fcnfutter Erzeuger-Verbraucher-Gemeinschaft Jena e. V. Kulturbahnhof Spitzweidenweg 28 07743 Jena E-Mail: gruenfutter[at]posteo.de Vertreten durch den Vorstand: David J\u00f6ckel Elisabeth M\u00fcller Herbert Gaffga Registriert &hellip; <a href=\"https:\/\/gruenfutter-jena.de\/?page_id=15\" class=\"more-link\"><span class=\"screen-reader-text\">Impressum, Datenschutz<\/span> weiterlesen <span class=\"meta-nav\">&rarr;<\/span><\/a><\/p>\n","protected":false},"author":24,"featured_media":0,"parent":0,"menu_order":5,"comment_status":"closed","ping_status":"closed","template":"","meta":[],"yoast_head":"<!-- This site is optimized with the Yoast SEO plugin v16.6.1 - https:\/\/yoast.com\/wordpress\/plugins\/seo\/ -->\n<title>Impressum\/Kontakt<\/title>\n<meta name=\"robots\" content=\"index, follow, max-snippet:-1, max-image-preview:large, max-video-preview:-1\" \/>\n<link rel=\"canonical\" href=\"https:\/\/gruenfutter-jena.de\/?page_id=15\" \/>\n<meta property=\"og:locale\" content=\"de_DE\" \/>\n<meta property=\"og:type\" content=\"article\" \/>\n<meta property=\"og:title\" content=\"Impressum\/Kontakt\" \/>\n<meta property=\"og:description\" content=\"Wer mehr \u00fcber die GR\u00dcNFUTTER Erzeuger-Verbraucher-Gemeinschaft wissen m\u00f6chte, oder vielleicht sogar Mitglied werden m\u00f6chte, kann eine E-Mail an gruenfutter[at]posteo.de schicken oder zu den \u00d6ffnungszeiten vorbeischauen. Impressum Angaben gem\u00e4\u00df \u00a7 5 TMG Kontaktdaten: Gr\u00fcnfutter Erzeuger-Verbraucher-Gemeinschaft Jena e. V. Kulturbahnhof Spitzweidenweg 28 07743 Jena E-Mail: gruenfutter[at]posteo.de Vertreten durch den Vorstand: David J\u00f6ckel Elisabeth M\u00fcller Herbert Gaffga Registriert &hellip; Impressum, Datenschutz weiterlesen &rarr;\" \/>\n<meta property=\"og:url\" content=\"https:\/\/gruenfutter-jena.de\/?page_id=15\" \/>\n<meta property=\"og:site_name\" content=\"Gr\u00fcnfutter Jena e.V.\" \/>\n<meta property=\"article:modified_time\" content=\"2024-01-20T20:46:34+00:00\" \/>\n<meta name=\"twitter:label1\" content=\"Gesch\u00e4tzte Lesezeit\" \/>\n\t<meta name=\"twitter:data1\" content=\"1\u00a0Minute\" \/>\n<script type=\"application\/ld+json\" class=\"yoast-schema-graph\">{\"@context\":\"https:\/\/schema.org\",\"@graph\":[{\"@type\":\"Organization\",\"@id\":\"https:\/\/gruenfutter-jena.de\/#organization\",\"name\":\"Gr\\u00fcnfutter Erzeuger-Verbraucher-Gemeinschaft Jena e. V.\",\"url\":\"https:\/\/gruenfutter-jena.de\/\",\"sameAs\":[],\"logo\":{\"@type\":\"ImageObject\",\"@id\":\"https:\/\/gruenfutter-jena.de\/#logo\",\"inLanguage\":\"de\",\"url\":\"https:\/\/gruenfutter-jena.de\/wp-content\/uploads\/2015\/08\/gruenfutter_icon_512.png\",\"contentUrl\":\"https:\/\/gruenfutter-jena.de\/wp-content\/uploads\/2015\/08\/gruenfutter_icon_512.png\",\"width\":512,\"height\":512,\"caption\":\"Gr\\u00fcnfutter Erzeuger-Verbraucher-Gemeinschaft Jena e. V.\"},\"image\":{\"@id\":\"https:\/\/gruenfutter-jena.de\/#logo\"}},{\"@type\":\"WebSite\",\"@id\":\"https:\/\/gruenfutter-jena.de\/#website\",\"url\":\"https:\/\/gruenfutter-jena.de\/\",\"name\":\"Gr\\u00fcnfutter Jena e.V.\",\"description\":\"\",\"publisher\":{\"@id\":\"https:\/\/gruenfutter-jena.de\/#organization\"},\"potentialAction\":[{\"@type\":\"SearchAction\",\"target\":{\"@type\":\"EntryPoint\",\"urlTemplate\":\"https:\/\/gruenfutter-jena.de\/?s={search_term_string}\"},\"query-input\":\"required name=search_term_string\"}],\"inLanguage\":\"de\"},{\"@type\":\"WebPage\",\"@id\":\"https:\/\/gruenfutter-jena.de\/?page_id=15#webpage\",\"url\":\"https:\/\/gruenfutter-jena.de\/?page_id=15\",\"name\":\"Impressum\/Kontakt\",\"isPartOf\":{\"@id\":\"https:\/\/gruenfutter-jena.de\/#website\"},\"datePublished\":\"2014-04-29T20:01:52+00:00\",\"dateModified\":\"2024-01-20T20:46:34+00:00\",\"breadcrumb\":{\"@id\":\"https:\/\/gruenfutter-jena.de\/?page_id=15#breadcrumb\"},\"inLanguage\":\"de\",\"potentialAction\":[{\"@type\":\"ReadAction\",\"target\":[\"https:\/\/gruenfutter-jena.de\/?page_id=15\"]}]},{\"@type\":\"BreadcrumbList\",\"@id\":\"https:\/\/gruenfutter-jena.de\/?page_id=15#breadcrumb\",\"itemListElement\":[{\"@type\":\"ListItem\",\"position\":1,\"name\":\"Home\",\"item\":\"https:\/\/gruenfutter-jena.de\/\"},{\"@type\":\"ListItem\",\"position\":2,\"name\":\"Impressum, Datenschutz\"}]}]}<\/script>\n<!-- \/ Yoast SEO plugin. -->","_links":{"self":[{"href":"https:\/\/gruenfutter-jena.de\/index.php?rest_route=\/wp\/v2\/pages\/15"}],"collection":[{"href":"https:\/\/gruenfutter-jena.de\/index.php?rest_route=\/wp\/v2\/pages"}],"about":[{"href":"https:\/\/gruenfutter-jena.de\/index.php?rest_route=\/wp\/v2\/types\/page"}],"author":[{"embeddable":true,"href":"https:\/\/gruenfutter-jena.de\/index.php?rest_route=\/wp\/v2\/users\/24"}],"replies":[{"embeddable":true,"href":"https:\/\/gruenfutter-jena.de\/index.php?rest_route=%2Fwp%2Fv2%2Fcomments&post=15"}],"version-history":[{"count":13,"href":"https:\/\/gruenfutter-jena.de\/index.php?rest_route=\/wp\/v2\/pages\/15\/revisions"}],"predecessor-version":[{"id":4799,"href":"https:\/\/gruenfutter-jena.de\/index.php?rest_route=\/wp\/v2\/pages\/15\/revisions\/4799"}],"wp:attachment":[{"href":"https:\/\/gruenfutter-jena.de\/index.php?rest_route=%2Fwp%2Fv2%2Fmedia&parent=15"}],"curies":[{"name":"wp","href":"https:\/\/api.w.org\/{rel}","templated":true}]}}